{"id":500,"date":"2024-06-22T11:37:38","date_gmt":"2024-06-22T09:37:38","guid":{"rendered":"https:\/\/leadcontrol24.com\/?page_id=500"},"modified":"2025-04-24T11:32:11","modified_gmt":"2025-04-24T09:32:11","slug":"faq","status":"publish","type":"page","link":"https:\/\/leadcontrol24.com\/de\/home\/faq\/","title":{"rendered":"FAQ"},"content":{"rendered":"<div class=\"wpb-content-wrapper\"><div class=\"vc_row wpb_row vc_row-fluid\"><div class=\"wpb_column vc_column_container vc_col-sm-12\"><div class=\"vc_column-inner\"><div class=\"wpb_wrapper\"><div  class=\"vc_do_toggle vc_toggle vc_toggle_arrow vc_toggle_color_default  vc_toggle_size_lg\"><div class=\"vc_toggle_title\"><h4 style=\"color: #DD3333;text-align: left;font-family:Roboto;font-weight:400;font-style:normal\" class=\"vc_custom_heading vc_do_custom_heading\" >Was ist Leadcontrol24?<\/h4><i class=\"vc_toggle_icon\"><\/i><\/div><div class=\"vc_toggle_content\"><p><strong>Answer:<\/strong> LeadControl24 ist ein Lead-Management-System f\u00fcr Messen und Veranstaltungen. Es hilft Unternehmen dabei, Besucherdaten zu erfassen, automatische Follow-up-E-Mails zu versenden, Leads an Vertriebsmitarbeiter zuzuweisen und alle Daten f\u00fcr die Analyse oder den CRM-Import zu exportieren.<\/p>\n<\/div><\/div><div  class=\"vc_do_toggle vc_toggle vc_toggle_arrow vc_toggle_color_default  vc_toggle_size_md\"><div class=\"vc_toggle_title\"><h4 style=\"color: #DD3333;text-align: left;font-family:Roboto;font-weight:400;font-style:normal\" class=\"vc_custom_heading vc_do_custom_heading\" >Wie funktioniert die Lead-Erfassung auf der Messe?<\/h4><i class=\"vc_toggle_icon\"><\/i><\/div><div class=\"vc_toggle_content\"><p><strong>Answer:<\/strong> Leads k\u00f6nnen mit der mobilen App erfasst werden \u2013 durch das Scannen von QR-Codes, manuelle Eingabe oder das Fotografieren von Visitenkarten. Die Formulare sind vollst\u00e4ndig anpassbar \u2013 du entscheidest, welche Daten erfasst werden und wie.<\/p>\n<\/div><\/div><div  class=\"vc_do_toggle vc_toggle vc_toggle_arrow vc_toggle_color_default  vc_toggle_size_md\"><div class=\"vc_toggle_title\"><h4 style=\"color: #DD3333;text-align: left;font-family:Roboto;font-weight:400;font-style:normal\" class=\"vc_custom_heading vc_do_custom_heading\" >Was passiert, nachdem ein Lead erfasst wurde?<\/h4><i class=\"vc_toggle_icon\"><\/i><\/div><div class=\"vc_toggle_content\"><p><strong>Answer:<\/strong> LeadControl24 kann automatisch eine Dankes-E-Mail an den Besucher senden und gleichzeitig den zust\u00e4ndigen Vertriebsmitarbeiter per E-Mail mit allen Lead-Informationen und einem PDF-Download-Link benachrichtigen.<\/p>\n<\/div><\/div><div  class=\"vc_do_toggle vc_toggle vc_toggle_arrow vc_toggle_color_default  vc_toggle_size_md\"><div class=\"vc_toggle_title\"><h4 style=\"color: #DD3333;text-align: left;font-family:Roboto;font-weight:400;font-style:normal\" class=\"vc_custom_heading vc_do_custom_heading\" >Kann ich die Formulare und E-Mails anpassen?<\/h4><i class=\"vc_toggle_icon\"><\/i><\/div><div class=\"vc_toggle_content\"><p><strong>Answer:<\/strong> Ja! Du kannst dein Lead-Formular vollst\u00e4ndig selbst gestalten \u2013 mit Seiten und Boxen, die du flexibel anpassen kannst. Auch die E-Mail-Vorlagen f\u00fcr Besucher und Vertrieb lassen sich individuell anpassen, inklusive eigenem Branding und Texten.<\/p>\n<\/div><\/div><div  class=\"vc_do_toggle vc_toggle vc_toggle_arrow vc_toggle_color_default  vc_toggle_size_md\"><div class=\"vc_toggle_title\"><h4 style=\"color: #DD3333;text-align: left;font-family:Roboto;font-weight:400;font-style:normal\" class=\"vc_custom_heading vc_do_custom_heading\" >Kann ich LeadControl24 kostenlos testen?<\/h4><i class=\"vc_toggle_icon\"><\/i><\/div><div class=\"vc_toggle_content\"><p><strong>Answer:<\/strong> Ja! Neue Nutzer erhalten kostenlose Credits, um das System zu testen und mindestens ein vollst\u00e4ndiges Event durchzuf\u00fchren. Eine Anmeldung ist m\u00f6glich unter leadcontrol24.com.<\/p>\n<\/div><\/div><\/div><\/div><\/div><\/div>\n<\/div>","protected":false},"excerpt":{"rendered":"What is Leadcontrol24?Answer: LeadControl24 is a lead management system designed for trade fairs and events. It helps companies collect visitor data, send automated follow-up emails, assign leads to sales reps, and export everything for analysis or CRM import. How does lead capture work at the event?Answer: Leads can be captured using a mobile app by [...]","protected":false},"author":2,"featured_media":0,"parent":389,"menu_order":0,"comment_status":"closed","ping_status":"closed","template":"","meta":{"footnotes":""},"class_list":["post-500","page","type-page","status-publish","hentry"],"_links":{"self":[{"href":"https:\/\/leadcontrol24.com\/de\/wp-json\/wp\/v2\/pages\/500","targetHints":{"allow":["GET"]}}],"collection":[{"href":"https:\/\/leadcontrol24.com\/de\/wp-json\/wp\/v2\/pages"}],"about":[{"href":"https:\/\/leadcontrol24.com\/de\/wp-json\/wp\/v2\/types\/page"}],"author":[{"embeddable":true,"href":"https:\/\/leadcontrol24.com\/de\/wp-json\/wp\/v2\/users\/2"}],"replies":[{"embeddable":true,"href":"https:\/\/leadcontrol24.com\/de\/wp-json\/wp\/v2\/comments?post=500"}],"version-history":[{"count":18,"href":"https:\/\/leadcontrol24.com\/de\/wp-json\/wp\/v2\/pages\/500\/revisions"}],"predecessor-version":[{"id":804,"href":"https:\/\/leadcontrol24.com\/de\/wp-json\/wp\/v2\/pages\/500\/revisions\/804"}],"up":[{"embeddable":true,"href":"https:\/\/leadcontrol24.com\/de\/wp-json\/wp\/v2\/pages\/389"}],"wp:attachment":[{"href":"https:\/\/leadcontrol24.com\/de\/wp-json\/wp\/v2\/media?parent=500"}],"curies":[{"name":"wp","href":"https:\/\/api.w.org\/{rel}","templated":true}]}}