{"id":412,"date":"2024-02-17T22:29:58","date_gmt":"2024-02-17T21:29:58","guid":{"rendered":"https:\/\/leadcontrol24.com\/?page_id=412"},"modified":"2024-12-13T17:52:29","modified_gmt":"2024-12-13T16:52:29","slug":"support","status":"publish","type":"page","link":"https:\/\/leadcontrol24.com\/de\/home\/support\/","title":{"rendered":"Kontakt"},"content":{"rendered":"<div class=\"wpb-content-wrapper\"><div class=\"vc_row wpb_row vc_row-fluid\"><div class=\"wpb_column vc_column_container vc_col-sm-8\"><div class=\"vc_column-inner\"><div class=\"wpb_wrapper\"><div class=\"vc_empty_space\"   style=\"height: 0px\"><span class=\"vc_empty_space_inner\"><\/span><\/div>\n\t<div class=\"wpb_text_column wpb_content_element\" >\n\t\t<div class=\"wpb_wrapper\">\n\t\t\t<h3 style=\"text-align: right;\">Kontaktieren Sie uns&#8230;<\/h3>\n\n\t\t<\/div>\n\t<\/div>\n<\/div><\/div><\/div><div class=\"wpb_column vc_column_container vc_col-sm-4\"><div class=\"vc_column-inner\"><div class=\"wpb_wrapper\"><\/div><\/div><\/div><\/div><div class=\"vc_row wpb_row vc_row-fluid\"><div class=\"wpb_column vc_column_container vc_col-sm-12\"><div class=\"vc_column-inner\"><div class=\"wpb_wrapper\">\n\t<div class=\"wpb_text_column wpb_content_element\" >\n\t\t<div class=\"wpb_wrapper\">\n\t\t\t<p style=\"text-align: center;\">Sie haben Fragen oder ben\u00f6tigen Unterst\u00fctzung? Das Team von LeadControl24 ist gerne f\u00fcr Sie da! Egal, ob Sie Informationen zu unseren Dienstleistungen w\u00fcnschen oder individuelle Anliegen haben &#8211; wir sind Ihr Ansprechpartner. Z\u00f6gern Sie nicht, uns zu kontaktieren, und wir werden uns schnellstm\u00f6glich bei Ihnen melden.<\/p>\n<div class=\"vc_row wpb_row vc_row-fluid\"><\/div><div class=\"wpb_column vc_column_container vc_col-sm-12\"><div class=\"vc_column-inner\"><div class=\"wpb_wrapper\"><\/div><\/div><\/div><div class=\"vc_empty_space\"   style=\"height: 0px\"><span class=\"vc_empty_space_inner\"><\/span><\/div>\n\t<div class=\"wpb_text_column wpb_content_element\" >\n\t\t<div class=\"wpb_wrapper\">\n\t\t\t\n\t\t<\/div>\n\t<\/div>\n<div class=\"forminator-ui forminator-custom-form forminator-custom-form-629 forminator-design--flat  forminator_ajax\" data-forminator-render=\"0\" data-form=\"forminator-module-629\" data-uid=\"69e1c262678cb\"><br\/><\/div><form\n\t\t\t\tid=\"forminator-module-629\"\n\t\t\t\tclass=\"forminator-ui forminator-custom-form forminator-custom-form-629 forminator-design--flat  forminator_ajax\"\n\t\t\t\tmethod=\"post\"\n\t\t\t\tdata-forminator-render=\"0\"\n\t\t\t\tdata-form-id=\"629\"\n\t\t\t\t data-color-option=\"default\" data-design=\"flat\" data-grid=\"open\" style=\"display: none;\"\n\t\t\t\tdata-uid=\"69e1c262678cb\" action=\"\"\n\t\t\t><div role=\"alert\" aria-live=\"polite\" class=\"forminator-response-message forminator-error\" aria-hidden=\"true\"><\/div><div class=\"forminator-row\"><div id=\"name-2\" class=\"forminator-field-name forminator-col forminator-col-12\"><div class=\"forminator-field\"><label for=\"forminator-field-name-2_69e1c262678cb\" id=\"forminator-field-name-2_69e1c262678cb-label\" class=\"forminator-label\">Name<\/label><input type=\"text\" name=\"name-2\" value=\"\" placeholder=\"E.g. Anna Schmidt\" id=\"forminator-field-name-2_69e1c262678cb\" class=\"forminator-input forminator-name--field\" aria-required=\"false\" autocomplete=\"name\" \/><\/div><\/div><\/div><div class=\"forminator-row\"><div id=\"email-1\" class=\"forminator-field-email forminator-col forminator-col-12\"><div class=\"forminator-field\"><label for=\"forminator-field-email-1_69e1c262678cb\" id=\"forminator-field-email-1_69e1c262678cb-label\" class=\"forminator-label\">Email Adresse <span class=\"forminator-required\">*<\/span><\/label><input type=\"email\" name=\"email-1\" value=\"\" placeholder=\"E.g. anna@schmidt.com\" id=\"forminator-field-email-1_69e1c262678cb\" class=\"forminator-input forminator-email--field\" data-required=\"true\" aria-required=\"true\" autocomplete=\"email\" \/><\/div><\/div><\/div><div class=\"forminator-row\"><div id=\"textarea-1\" class=\"forminator-field-textarea forminator-col forminator-col-12\"><div class=\"forminator-field\"><label for=\"forminator-field-textarea-1_69e1c262678cb\" id=\"forminator-field-textarea-1_69e1c262678cb-label\" class=\"forminator-label\">Nachricht <span class=\"forminator-required\">*<\/span><\/label><textarea name=\"textarea-1\" placeholder=\"Enter your message...\" id=\"forminator-field-textarea-1_69e1c262678cb\" class=\"forminator-textarea\" rows=\"6\" style=\"min-height:140px;\" maxlength=\"180\" ><\/textarea><span id=\"forminator-field-textarea-1_69e1c262678cb-description\" class=\"forminator-description\"><span data-limit=\"180\" data-type=\"characters\" data-editor=\"\">0 \/ 180<\/span><\/span><\/div><\/div><\/div><div class=\"forminator-row\"><div id=\"consent-1\" class=\"forminator-field-consent forminator-col forminator-col-12\"><div class=\"forminator-field\"><label for=\"forminator-field-consent-1_69e1c262678cb\" id=\"forminator-field-consent-1_69e1c262678cb-label\" class=\"forminator-label\">Einwilligung <span class=\"forminator-required\">*<\/span><\/label><div class=\"forminator-checkbox__wrapper\"><label id=\"forminator-field-consent-1_69e1c262678cb__label\" class=\"forminator-checkbox forminator-consent\"><input type=\"checkbox\" name=\"consent-1\" id=\"forminator-field-consent-1_69e1c262678cb\" value=\"checked\" aria-labelledby=\"forminator-field-consent-1_69e1c262678cb-label\" aria-describedby=\"forminator-field-consent-1_69e1c262678cb__description\" data-required=\"true\" aria-required=\"true\" \/><span class=\"forminator-checkbox-box\" aria-hidden=\"true\"><\/span><\/label><div id=\"forminator-field-consent-1_69e1c262678cb__description\" class=\"forminator-checkbox__label forminator-consent__label\"><p>Indem ich dieses Formular absende, erkenne ich die Datenschutzrichtlinie und die Allgemeinen Gesch\u00e4ftsbedingungen an und akzeptiere diese: <a rel=\"noopener\" target=\"_blank\" href=\"https:\/\/leadcontrol24.com\/de\/home\/privacy-policy-of-osedata-gmbh\/\">privacy policy<\/a> and <a rel=\"noopener\" target=\"_blank\" href=\"#\">terms and conditions<\/a>.<\/p><\/div><\/div><\/div><\/div><\/div><div class=\"forminator-row\"><div id=\"captcha-1\" class=\"forminator-field-captcha forminator-col forminator-col-12\"><div class=\"forminator-captcha-left forminator-turnstile\" data-theme=\"auto\" data-language=\"de-de\" data-sitekey=\"0x4AAAAAABj7cLTzRQIMBwPs\" data-size=\"normal\"><\/div> <\/div><\/div><input type=\"hidden\" name=\"referer_url\" value=\"\" \/><div class=\"forminator-row forminator-row-last\"><div class=\"forminator-col\"><div class=\"forminator-field\"><button class=\"forminator-button forminator-button-submit\">Send Message<\/button><\/div><\/div><\/div><input type=\"hidden\" id=\"forminator_nonce\" name=\"forminator_nonce\" value=\"fe920201f8\" \/><input type=\"hidden\" name=\"_wp_http_referer\" value=\"\/de\/wp-json\/wp\/v2\/pages\/412\" \/><input type=\"hidden\" name=\"form_id\" value=\"629\"><input type=\"hidden\" name=\"page_id\" value=\"412\"><input type=\"hidden\" name=\"form_type\" value=\"default\"><input type=\"hidden\" name=\"current_url\" value=\"https:\/\/leadcontrol24.com\/de\/home\/support\/\"><input type=\"hidden\" name=\"render_id\" value=\"0\"><input type=\"hidden\" name=\"action\" value=\"forminator_submit_form_custom-forms\"><label for=\"input_5\" class=\"forminator-hidden\" aria-hidden=\"true\">Bitte f\u00fclle dieses Feld nicht aus. <input id=\"input_5\" type=\"text\" name=\"input_5\" value=\"\" autocomplete=\"off\"><\/label><input type=\"hidden\" name=\"trp-form-language\" value=\"de\"\/><\/form><\/p>\n\n\t\t<\/div>\n\t<\/div>\n<\/div><\/div><\/div><div class=\"wpb_column vc_column_container vc_col-sm-12\"><div class=\"vc_column-inner\"><div class=\"wpb_wrapper\"><\/div><\/div><\/div><\/div>\n<\/div>","protected":false},"excerpt":{"rendered":"Kontaktieren Sie uns... Sie haben Fragen oder ben\u00f6tigen Unterst\u00fctzung? Das Team von LeadControl24 ist gerne f\u00fcr Sie da! Egal, ob Sie Informationen zu unseren Dienstleistungen w\u00fcnschen oder individuelle Anliegen haben - wir sind Ihr Ansprechpartner. Z\u00f6gern Sie nicht, uns zu kontaktieren, und wir werden uns schnellstm\u00f6glich bei Ihnen melden. NameEmail Address *Message *0 \/ 180Consent [...]","protected":false},"author":1,"featured_media":0,"parent":389,"menu_order":0,"comment_status":"closed","ping_status":"closed","template":"","meta":{"footnotes":""},"class_list":["post-412","page","type-page","status-publish","hentry"],"_links":{"self":[{"href":"https:\/\/leadcontrol24.com\/de\/wp-json\/wp\/v2\/pages\/412","targetHints":{"allow":["GET"]}}],"collection":[{"href":"https:\/\/leadcontrol24.com\/de\/wp-json\/wp\/v2\/pages"}],"about":[{"href":"https:\/\/leadcontrol24.com\/de\/wp-json\/wp\/v2\/types\/page"}],"author":[{"embeddable":true,"href":"https:\/\/leadcontrol24.com\/de\/wp-json\/wp\/v2\/users\/1"}],"replies":[{"embeddable":true,"href":"https:\/\/leadcontrol24.com\/de\/wp-json\/wp\/v2\/comments?post=412"}],"version-history":[{"count":26,"href":"https:\/\/leadcontrol24.com\/de\/wp-json\/wp\/v2\/pages\/412\/revisions"}],"predecessor-version":[{"id":755,"href":"https:\/\/leadcontrol24.com\/de\/wp-json\/wp\/v2\/pages\/412\/revisions\/755"}],"up":[{"embeddable":true,"href":"https:\/\/leadcontrol24.com\/de\/wp-json\/wp\/v2\/pages\/389"}],"wp:attachment":[{"href":"https:\/\/leadcontrol24.com\/de\/wp-json\/wp\/v2\/media?parent=412"}],"curies":[{"name":"wp","href":"https:\/\/api.w.org\/{rel}","templated":true}]}}