{"id":410,"date":"2024-02-17T22:29:58","date_gmt":"2024-02-17T21:29:58","guid":{"rendered":"https:\/\/leadcontrol24.com\/?page_id=410"},"modified":"2025-07-06T11:08:01","modified_gmt":"2025-07-06T09:08:01","slug":"imprint","status":"publish","type":"page","link":"https:\/\/leadcontrol24.com\/de\/home\/imprint\/","title":{"rendered":"Impressum"},"content":{"rendered":"<div class=\"wpb-content-wrapper\"><div class=\"vc_row wpb_row vc_row-fluid\"><div class=\"wpb_column vc_column_container vc_col-sm-12\"><div class=\"vc_column-inner\"><div class=\"wpb_wrapper\">\n\t<div class=\"wpb_text_column wpb_content_element\" >\n\t\t<div class=\"wpb_wrapper\">\n\t\t\t<p><strong>Impressum<\/strong><\/p>\n<p><strong>Geltungsbereich<\/strong><br \/>Inhaltlich Verantwortlicher gem\u00e4\u00df \u00a710 Abs. 3 MDStV<br \/>Frank H\u00e4ussler<\/p>\n<p>osedata GmbH<br \/>Johann-Theodor-Str. 1<br \/>D-85737 Ismaning<br \/>Germany<\/p>\n<p><strong>Kontakt<\/strong><\/p>\n<p>Telefon  +49 (0)89 38153168 0<br \/>Email info@osedata.de<\/p>\n<p>Handelsregister M\u00fcnchen HRB 186371<br \/>USt-Id-Nr. DE 272 212 255<br \/>Gesch\u00e4ftsf\u00fchrer Frank H\u00e4ussler<\/p>\n<p><strong>EU Dispute Resolution<\/strong><br \/>The European Commission provides a platform for online dispute resolution (ODR): <a href=\"https:\/\/ec.europa.eu\/consumers\/odr\/\" target=\"_blank\" rel=\"noopener noreferrer nofollow\">https:\/\/ec.europa.eu\/consumers\/odr\/<\/a>.<br \/>Our email address can be found above in the imprint.<\/p>\n<p><strong>Consumer Dispute Resolution\/Universal Arbitration Board<\/strong><br \/>We are neither willing nor obligated to participate in dispute resolution procedures before a consumer arbitration board.<\/p>\n<p><strong>HAFTUNGSHINWEIS<\/strong><br \/>Trotz sorgf\u00e4ltiger inhaltlicher Kontrolle \u00fcbernehmen wir keine  Haftung f\u00fcr die Inhalte externer Links. F\u00fcr den Inhalt der verlinkten Seiten sind ausschliesslich deren Betreiber verantwortlich. Die Nennung von Firmenbezeichnungen, Marken-, Handelsnamen und Warenzeichen erfolgt ausschlie\u00dflich zu Informations- und\/oder Erkl\u00e4rungszwecken. osedata GmbH erhebt in keiner Weise Anspr\u00fcche auf die Rechte an Markennamen und Warenzeichen Dritter. Alle Rechte an Marken, Markennamen, Warenzeichen und Trademarks liegen bei den jeweiligen Rechteinhabern. Allein aufgrund der blo\u00dfen Nennung ist nicht der Schlu\u00df zu ziehen, da\u00df Markenzeichen nicht durch Rechte Dritter gesch\u00fctzt sind.<\/p>\n<p class=\"translation-block\"><strong>DATENSCHUTZ<\/strong><br>Die osedata GmbH nimmt den Schutz Ihrer pers\u00f6nlichen Daten sehr ernst und h\u00e4lt sich an die geltenden Datenschutzgesetze (insbesondere DSGVO). Unsere Website basiert auf dem Content-Management-System WordPress. Dabei k\u00f6nnen technisch notwendige Cookies gesetzt werden, z.\u202fB. zur sicheren Nutzung der Seite.<\/p>\n<p data-start=\"380\" data-end=\"630\">Zus\u00e4tzlich nutzen wir Plugins, die unter Umst\u00e4nden eigene Cookies setzen oder externe Dienste einbinden. Beim ersten Besuch der Website haben Sie die M\u00f6glichkeit, \u00fcber ein sogenanntes Cookie-Consent-Banner Ihre Zustimmung zur Verwendung bestimmter Cookies zu erteilen oder abzulehnen.<\/p>\n<p data-start=\"632\" data-end=\"807\">Personenbezogene Daten (z.\u202fB. IP-Adressen) werden nur verarbeitet, wenn dies technisch erforderlich ist oder Sie ausdr\u00fccklich eingewilligt haben. Weitere Informationen dazu finden Sie in unserer Datenschutzerkl\u00e4rung.<\/p>\n<p><strong>BILDNACHWEISE<\/strong><br \/>Bilder wurden von ThemeForest (www.themeforest.net) erworben.<\/p>\n\n\t\t<\/div>\n\t<\/div>\n<\/div><\/div><\/div><\/div><\/div>","protected":false},"excerpt":{"rendered":"Legal Notice Scope of ApplicationContent responsible according to \u00a710 paragraph 3 MDStVFrank H\u00e4ussler osedata GmbHJohann-Theodor-Str. 1D-85737 IsmaningGermany Contact Phone +49 (0)89 38153168 0Email info@osedata.de Commercial Register Munich HRB 186371VAT ID No. DE 272 212 255Managing Director Frank H\u00e4ussler EU Dispute ResolutionThe European Commission provides a platform for online dispute resolution (ODR): https:\/\/ec.europa.eu\/consumers\/odr\/.Our email address can [...]","protected":false},"author":1,"featured_media":0,"parent":389,"menu_order":0,"comment_status":"closed","ping_status":"closed","template":"","meta":{"footnotes":""},"class_list":["post-410","page","type-page","status-publish","hentry"],"_links":{"self":[{"href":"https:\/\/leadcontrol24.com\/de\/wp-json\/wp\/v2\/pages\/410","targetHints":{"allow":["GET"]}}],"collection":[{"href":"https:\/\/leadcontrol24.com\/de\/wp-json\/wp\/v2\/pages"}],"about":[{"href":"https:\/\/leadcontrol24.com\/de\/wp-json\/wp\/v2\/types\/page"}],"author":[{"embeddable":true,"href":"https:\/\/leadcontrol24.com\/de\/wp-json\/wp\/v2\/users\/1"}],"replies":[{"embeddable":true,"href":"https:\/\/leadcontrol24.com\/de\/wp-json\/wp\/v2\/comments?post=410"}],"version-history":[{"count":9,"href":"https:\/\/leadcontrol24.com\/de\/wp-json\/wp\/v2\/pages\/410\/revisions"}],"predecessor-version":[{"id":807,"href":"https:\/\/leadcontrol24.com\/de\/wp-json\/wp\/v2\/pages\/410\/revisions\/807"}],"up":[{"embeddable":true,"href":"https:\/\/leadcontrol24.com\/de\/wp-json\/wp\/v2\/pages\/389"}],"wp:attachment":[{"href":"https:\/\/leadcontrol24.com\/de\/wp-json\/wp\/v2\/media?parent=410"}],"curies":[{"name":"wp","href":"https:\/\/api.w.org\/{rel}","templated":true}]}}